{"id":1267,"date":"2020-01-28T15:48:16","date_gmt":"2020-01-28T18:48:16","guid":{"rendered":"https:\/\/oinsurance.com.br\/contato"},"modified":"2025-11-18T18:58:12","modified_gmt":"2025-11-18T21:58:12","slug":"contato","status":"publish","type":"page","link":"https:\/\/oinsurance.com.br\/blog\/contato\/","title":{"rendered":"Contato"},"content":{"rendered":"\t\t<div data-elementor-type=\"wp-page\" data-elementor-id=\"1267\" class=\"elementor elementor-1267\">\n\t\t\t\t\t\t<div class=\"elementor-inner\">\n\t\t\t\t<div class=\"elementor-section-wrap\">\n\t\t\t\t\t\t\t\t\t<section class=\"elementor-section elementor-top-section elementor-element elementor-element-1188808 ang-section-padding-no elementor-section-boxed elementor-section-height-default elementor-section-height-default elementor-repeater-item-none elementor-repeater-item-none_hover\" data-id=\"1188808\" data-element_type=\"section\">\n\t\t\t\t\t\t<div class=\"elementor-container elementor-column-gap-default\">\n\t\t\t\t\t\t\t<div class=\"elementor-row\">\n\t\t\t\t\t<div class=\"elementor-column elementor-col-50 elementor-top-column elementor-element elementor-element-3648667 elementor-repeater-item-none elementor-repeater-item-none_hover\" data-id=\"3648667\" data-element_type=\"column\">\n\t\t\t<div class=\"elementor-column-wrap elementor-element-populated\">\n\t\t\t\t\t\t\t<div class=\"elementor-widget-wrap\">\n\t\t\t\t\t\t<div class=\"elementor-element elementor-element-3d92ece elementor-repeater-item-none elementor-repeater-item-none_hover elementor-widget elementor-widget-text-editor\" data-id=\"3d92ece\" data-element_type=\"widget\" data-widget_type=\"text-editor.default\">\n\t\t\t\t<div class=\"elementor-widget-container\">\n\t\t\t\t\t\t\t\t<div class=\"elementor-text-editor elementor-clearfix\">\n\t\t\t\t<h2>Conecte-se conosco!<\/h2>\n<p>Juntos podemos criar estrat\u00e9gias e solu\u00e7\u00f5es inovadoras em seguros e servi\u00e7os com foco nas suas necessidades e expectativas para atuar em seus clientes.<\/p>\t\t\t\t\t<\/div>\n\t\t\t\t\t\t<\/div>\n\t\t\t\t<\/div>\n\t\t\t\t<div class=\"elementor-element elementor-element-88738d9 elementor-repeater-item-none elementor-repeater-item-none_hover elementor-widget elementor-widget-heading\" data-id=\"88738d9\" data-element_type=\"widget\" data-widget_type=\"heading.default\">\n\t\t\t\t<div class=\"elementor-widget-container\">\n\t\t\t<h3 class=\"elementor-heading-title elementor-size-default\">Deixe sua mensagem<\/h3>\t\t<\/div>\n\t\t\t\t<\/div>\n\t\t\t\t<div class=\"elementor-element elementor-element-6ba98fb elementor-button-align-end elementor-repeater-item-none elementor-repeater-item-none_hover elementor-widget elementor-widget-form\" data-id=\"6ba98fb\" data-element_type=\"widget\" data-settings=\"{&quot;step_next_label&quot;:&quot;Next&quot;,&quot;step_previous_label&quot;:&quot;Previous&quot;,&quot;button_width&quot;:&quot;100&quot;,&quot;step_type&quot;:&quot;number_text&quot;,&quot;step_icon_shape&quot;:&quot;circle&quot;}\" data-widget_type=\"form.default\">\n\t\t\t\t<div class=\"elementor-widget-container\">\n\t\t\t\t\t<form class=\"elementor-form\" method=\"post\" name=\"New Form\">\n\t\t\t<input type=\"hidden\" name=\"post_id\" value=\"1267\"\/>\n\t\t\t<input type=\"hidden\" name=\"form_id\" value=\"6ba98fb\"\/>\n\t\t\t<input type=\"hidden\" name=\"referer_title\" value=\"\u00d4 Insurance\" \/>\n\n\t\t\t\n\t\t\t<div class=\"elementor-form-fields-wrapper elementor-labels-\">\n\t\t\t\t\t\t\t\t<div class=\"elementor-field-type-text elementor-field-group elementor-column elementor-field-group-name elementor-col-50 elementor-field-required\">\n\t\t\t\t\t<label for=\"form-field-name\" class=\"elementor-field-label elementor-screen-only\">Nome<\/label><input size=\"1\" type=\"text\" name=\"form_fields[name]\" id=\"form-field-name\" class=\"elementor-field elementor-size-sm  elementor-field-textual\" placeholder=\"Nome*\" required=\"required\" aria-required=\"true\">\t\t\t\t<\/div>\n\t\t\t\t\t\t\t\t<div class=\"elementor-field-type-email elementor-field-group elementor-column elementor-field-group-email elementor-col-50 elementor-field-required\">\n\t\t\t\t\t<label for=\"form-field-email\" class=\"elementor-field-label elementor-screen-only\">Email Corporativo<\/label><input size=\"1\" type=\"email\" name=\"form_fields[email]\" id=\"form-field-email\" class=\"elementor-field elementor-size-sm  elementor-field-textual\" placeholder=\"Email Corporativo*\" required=\"required\" aria-required=\"true\">\t\t\t\t<\/div>\n\t\t\t\t\t\t\t\t<div class=\"elementor-field-type-tel elementor-field-group elementor-column elementor-field-group-field_15b4866 elementor-col-50\">\n\t\t\t\t\t<label for=\"form-field-field_15b4866\" class=\"elementor-field-label elementor-screen-only\">WhatsApp<\/label><input size=\"1\" type=\"tel\" name=\"form_fields[field_15b4866]\" id=\"form-field-field_15b4866\" class=\"elementor-field elementor-size-sm  elementor-field-textual\" placeholder=\"Tel | WhatsApp\" pattern=\"[0-9()#&amp;+*-=.]+\" title=\"Only numbers and phone characters (#, -, *, etc) are accepted.\">\t\t\t\t<\/div>\n\t\t\t\t\t\t\t\t<div class=\"elementor-field-type-text elementor-field-group elementor-column elementor-field-group-field_1 elementor-col-50\">\n\t\t\t\t\t<label for=\"form-field-field_1\" class=\"elementor-field-label elementor-screen-only\">Empresa<\/label><input size=\"1\" type=\"text\" name=\"form_fields[field_1]\" id=\"form-field-field_1\" class=\"elementor-field elementor-size-sm  elementor-field-textual\" placeholder=\"Empresa\">\t\t\t\t<\/div>\n\t\t\t\t\t\t\t\t<div class=\"elementor-field-type-text elementor-field-group elementor-column elementor-field-group-field_2 elementor-col-50\">\n\t\t\t\t\t<label for=\"form-field-field_2\" class=\"elementor-field-label elementor-screen-only\">Cargo<\/label><input size=\"1\" type=\"text\" name=\"form_fields[field_2]\" id=\"form-field-field_2\" class=\"elementor-field elementor-size-sm  elementor-field-textual\" placeholder=\"Cargo\">\t\t\t\t<\/div>\n\t\t\t\t\t\t\t\t<div class=\"elementor-field-type-number elementor-field-group elementor-column elementor-field-group-field_90890b2 elementor-col-50\">\n\t\t\t\t\t<label for=\"form-field-field_90890b2\" class=\"elementor-field-label elementor-screen-only\">N\u00famero de Funcion\u00e1rios<\/label><input type=\"number\" name=\"form_fields[field_90890b2]\" id=\"form-field-field_90890b2\" class=\"elementor-field elementor-size-sm  elementor-field-textual\" placeholder=\"N\u00famero de Funcion\u00e1rios\" min=\"\" max=\"\">\t\t\t\t<\/div>\n\t\t\t\t\t\t\t\t<div class=\"elementor-field-type-textarea elementor-field-group elementor-column elementor-field-group-message elementor-col-100 elementor-field-required\">\n\t\t\t\t\t<label for=\"form-field-message\" class=\"elementor-field-label elementor-screen-only\">Mensagem<\/label><textarea class=\"elementor-field-textual elementor-field  elementor-size-sm\" name=\"form_fields[message]\" id=\"form-field-message\" rows=\"4\" placeholder=\"Mensagem*\" required=\"required\" aria-required=\"true\"><\/textarea>\t\t\t\t<\/div>\n\t\t\t\t\t\t\t\t<div class=\"elementor-field-group elementor-column elementor-field-type-submit elementor-col-100 e-form__buttons\">\n\t\t\t\t\t<button type=\"submit\" class=\"elementor-button elementor-size-sm\">\n\t\t\t\t\t\t<span >\n\t\t\t\t\t\t\t\t\t\t\t\t\t\t\t<span class=\" elementor-button-icon\">\n\t\t\t\t\t\t\t\t\t\t\t\t\t\t\t\t\t\t\t\t\t\t\t\t\t\t<\/span>\n\t\t\t\t\t\t\t\t\t\t\t\t\t\t\t\t\t\t\t\t\t\t<span class=\"elementor-button-text\">Enviar ><\/span>\n\t\t\t\t\t\t\t\t\t\t\t\t\t<\/span>\n\t\t\t\t\t<\/button>\n\t\t\t\t<\/div>\n\t\t\t<\/div>\n\t\t<\/form>\n\t\t\t\t<\/div>\n\t\t\t\t<\/div>\n\t\t\t\t\t\t<\/div>\n\t\t\t\t\t<\/div>\n\t\t<\/div>\n\t\t\t\t<div class=\"elementor-column elementor-col-50 elementor-top-column elementor-element elementor-element-7aad74b elementor-repeater-item-none elementor-repeater-item-none_hover\" data-id=\"7aad74b\" data-element_type=\"column\">\n\t\t\t<div class=\"elementor-column-wrap elementor-element-populated\">\n\t\t\t\t\t\t\t<div class=\"elementor-widget-wrap\">\n\t\t\t\t\t\t<div class=\"elementor-element elementor-element-7e23a20 elementor-repeater-item-none elementor-repeater-item-none_hover elementor-widget elementor-widget-text-editor\" data-id=\"7e23a20\" data-element_type=\"widget\" data-widget_type=\"text-editor.default\">\n\t\t\t\t<div class=\"elementor-widget-container\">\n\t\t\t\t\t\t\t\t<div class=\"elementor-text-editor elementor-clearfix\">\n\t\t\t\t<h2>Onde ficamos<\/h2><p>Av. Marcos Penteado de Ulhoa Rodrigues, 939 &#8211; 8<span style=\"font-size: 12px; text-align: center; color: var(--brand-color-alt); --darkreader-inline-color: var(--darkreader-text--brand-color-alt, var(--darkreader-text-000000, #e8e6e3));\" data-darkreader-inline-color=\"\">\u00b0<\/span><span style=\"color: var(--brand-color-alt); --darkreader-inline-color: var(--darkreader-text--brand-color-alt, var(--darkreader-text-000000, #e8e6e3));\" data-darkreader-inline-color=\"\">\u00a0andar Torre Jacarand\u00e1\u00a0&#8211; Barueri &#8211; SP,\u00a0<\/span><span style=\"color: var(--brand-color-alt); --darkreader-inline-color: var(--darkreader-text--brand-color-alt, var(--darkreader-text-000000, #e8e6e3));\" data-darkreader-inline-color=\"\">06460-040<\/span><\/p><p><span style=\"font-weight: bold;\">E-mail<\/span><\/p><p><span style=\"color: var(--brand-color-alt); --darkreader-inline-color: var(--darkreader-text--brand-color-alt, var(--darkreader-text-000000, #e8e6e3));\" data-darkreader-inline-color=\"\">oinsurance@oinsurance.com.br<\/span><\/p><p>\u00a0<\/p><p>\u00a0<\/p>\t\t\t\t\t<\/div>\n\t\t\t\t\t\t<\/div>\n\t\t\t\t<\/div>\n\t\t\t\t\t\t<\/div>\n\t\t\t\t\t<\/div>\n\t\t<\/div>\n\t\t\t\t\t\t\t\t<\/div>\n\t\t\t\t\t<\/div>\n\t\t<\/section>\n\t\t\t\t<section class=\"elementor-section elementor-top-section elementor-element elementor-element-86a9f6c elementor-section-stretched elementor-section-full_width elementor-section-height-min-height ang-section-padding-no elementor-section-height-default elementor-section-items-middle elementor-repeater-item-none elementor-repeater-item-none_hover\" data-id=\"86a9f6c\" data-element_type=\"section\" data-settings=\"{&quot;stretch_section&quot;:&quot;section-stretched&quot;}\">\n\t\t\t\t\t\t\t<div class=\"elementor-background-overlay\"><\/div>\n\t\t\t\t\t\t\t<div class=\"elementor-container elementor-column-gap-no\">\n\t\t\t\t\t\t\t<div class=\"elementor-row\">\n\t\t\t\t\t<div class=\"elementor-column elementor-col-100 elementor-top-column elementor-element elementor-element-d51ea4a elementor-repeater-item-none elementor-repeater-item-none_hover\" data-id=\"d51ea4a\" data-element_type=\"column\">\n\t\t\t<div class=\"elementor-column-wrap elementor-element-populated\">\n\t\t\t\t\t\t\t<div class=\"elementor-widget-wrap\">\n\t\t\t\t\t\t<div class=\"elementor-element elementor-element-352794c Omapa elementor-repeater-item-none elementor-repeater-item-none_hover elementor-widget elementor-widget-google_maps\" data-id=\"352794c\" data-element_type=\"widget\" data-widget_type=\"google_maps.default\">\n\t\t\t\t<div class=\"elementor-widget-container\">\n\t\t\t\t\t<div class=\"elementor-custom-embed\">\n\t\t\t<iframe frameborder=\"0\" scrolling=\"no\" marginheight=\"0\" marginwidth=\"0\"\n\t\t\t\t\tsrc=\"https:\/\/maps.google.com\/maps?q=Avenida%20Marcos%20Penteado%20de%20Ulhoa%20Rodrigues%2C%20939&#038;t=m&#038;z=13&#038;output=embed&#038;iwloc=near\"\n\t\t\t\t\ttitle=\"Avenida Marcos Penteado de Ulhoa Rodrigues, 939\"\n\t\t\t\t\taria-label=\"Avenida Marcos Penteado de Ulhoa Rodrigues, 939\"\n\t\t\t><\/iframe>\n\t\t<\/div>\n\t\t\t\t<\/div>\n\t\t\t\t<\/div>\n\t\t\t\t\t\t<\/div>\n\t\t\t\t\t<\/div>\n\t\t<\/div>\n\t\t\t\t\t\t\t\t<\/div>\n\t\t\t\t\t<\/div>\n\t\t<\/section>\n\t\t\t\t<section class=\"elementor-section elementor-top-section elementor-element elementor-element-06934d9 elementor-section-boxed ang-section-padding-initial elementor-section-height-default elementor-section-height-default elementor-repeater-item-none elementor-repeater-item-none_hover\" data-id=\"06934d9\" data-element_type=\"section\">\n\t\t\t\t\t\t<div class=\"elementor-container elementor-column-gap-default\">\n\t\t\t\t\t\t\t<div class=\"elementor-row\">\n\t\t\t\t\t<div class=\"elementor-column elementor-col-100 elementor-top-column elementor-element elementor-element-e95876d elementor-repeater-item-none elementor-repeater-item-none_hover\" data-id=\"e95876d\" data-element_type=\"column\">\n\t\t\t<div class=\"elementor-column-wrap elementor-element-populated\">\n\t\t\t\t\t\t\t<div class=\"elementor-widget-wrap\">\n\t\t\t\t\t\t<div class=\"elementor-element elementor-element-e4fda61 elementor-widget-divider--view-line elementor-repeater-item-none elementor-repeater-item-none_hover elementor-widget elementor-widget-divider\" data-id=\"e4fda61\" data-element_type=\"widget\" data-widget_type=\"divider.default\">\n\t\t\t\t<div class=\"elementor-widget-container\">\n\t\t\t\t\t<div class=\"elementor-divider\">\n\t\t\t<span class=\"elementor-divider-separator\">\n\t\t\t\t\t\t<\/span>\n\t\t<\/div>\n\t\t\t\t<\/div>\n\t\t\t\t<\/div>\n\t\t\t\t\t\t<\/div>\n\t\t\t\t\t<\/div>\n\t\t<\/div>\n\t\t\t\t\t\t\t\t<\/div>\n\t\t\t\t\t<\/div>\n\t\t<\/section>\n\t\t\t\t<section class=\"elementor-section elementor-top-section elementor-element elementor-element-6bb24f2 ang-section-padding-no elementor-section-boxed elementor-section-height-default elementor-section-height-default elementor-repeater-item-none elementor-repeater-item-none_hover\" data-id=\"6bb24f2\" data-element_type=\"section\">\n\t\t\t\t\t\t<div class=\"elementor-container elementor-column-gap-default\">\n\t\t\t\t\t\t\t<div class=\"elementor-row\">\n\t\t\t\t\t<div class=\"elementor-column elementor-col-100 elementor-top-column elementor-element elementor-element-ebe55cd elementor-repeater-item-none elementor-repeater-item-none_hover\" data-id=\"ebe55cd\" data-element_type=\"column\">\n\t\t\t<div class=\"elementor-column-wrap elementor-element-populated\">\n\t\t\t\t\t\t\t<div class=\"elementor-widget-wrap\">\n\t\t\t\t\t\t<div class=\"elementor-element elementor-element-1678b96 elementor-repeater-item-none elementor-repeater-item-none_hover elementor-widget elementor-widget-text-editor\" data-id=\"1678b96\" data-element_type=\"widget\" data-widget_type=\"text-editor.default\">\n\t\t\t\t<div class=\"elementor-widget-container\">\n\t\t\t\t\t\t\t\t<div class=\"elementor-text-editor elementor-clearfix\">\n\t\t\t\t<h2>Canal de Ouvidoria<\/h2><p>Precisa falar conosco? Entre em contato atrav\u00e9s do nosso Canal de Ouvidoria.<br \/>Envie um e-mail para <strong>oinsurance@oinsurance.com.br<\/strong>, n\u00f3s queremos ouvir voc\u00ea!<\/p>\t\t\t\t\t<\/div>\n\t\t\t\t\t\t<\/div>\n\t\t\t\t<\/div>\n\t\t\t\t\t\t<\/div>\n\t\t\t\t\t<\/div>\n\t\t<\/div>\n\t\t\t\t\t\t\t\t<\/div>\n\t\t\t\t\t<\/div>\n\t\t<\/section>\n\t\t\t\t\t\t\t\t\t<\/div>\n\t\t\t<\/div>\n\t\t\t\t\t<\/div>\n\t\t","protected":false},"excerpt":{"rendered":"<p>Conecte-se conosco! Juntos podemos criar estrat\u00e9gias e solu\u00e7\u00f5es inovadoras em seguros e servi\u00e7os com foco nas suas necessidades e expectativas para atuar em seus clientes. Deixe sua mensagem Onde ficamos Av. Marcos Penteado de Ulhoa Rodrigues, 939 &#8211; 8\u00b0\u00a0andar Torre Jacarand\u00e1\u00a0&#8211; Barueri &#8211; SP,\u00a006460-040 E-mail oinsurance@oinsurance.com.br \u00a0 \u00a0 Canal de Ouvidoria Precisa falar conosco? Entre [&hellip;]<\/p>\n","protected":false},"author":4,"featured_media":0,"parent":0,"menu_order":0,"comment_status":"closed","ping_status":"closed","template":"","meta":{"footnotes":""},"categories":[],"tags":[54],"class_list":["post-1267","page","type-page","status-publish","hentry","tag-54","wpbf-post"],"yoast_head":"<!-- This site is optimized with the Yoast SEO plugin v22.6 - https:\/\/yoast.com\/wordpress\/plugins\/seo\/ -->\r\n<title>Contato - \u00d4 Insurance<\/title>\r\n<meta name=\"robots\" content=\"index, follow, max-snippet:-1, max-image-preview:large, max-video-preview:-1\" \/>\r\n<link rel=\"canonical\" href=\"https:\/\/oinsurance.com.br\/blog\/contato\/\" \/>\r\n<meta property=\"og:locale\" content=\"pt_BR\" \/>\r\n<meta property=\"og:type\" content=\"article\" \/>\r\n<meta property=\"og:title\" content=\"Contato - \u00d4 Insurance\" \/>\r\n<meta property=\"og:description\" content=\"Conecte-se conosco! Juntos podemos criar estrat\u00e9gias e solu\u00e7\u00f5es inovadoras em seguros e servi\u00e7os com foco nas suas necessidades e expectativas para atuar em seus clientes. Deixe sua mensagem Onde ficamos Av. Marcos Penteado de Ulhoa Rodrigues, 939 &#8211; 8\u00b0\u00a0andar Torre Jacarand\u00e1\u00a0&#8211; Barueri &#8211; SP,\u00a006460-040 E-mail oinsurance@oinsurance.com.br \u00a0 \u00a0 Canal de Ouvidoria Precisa falar conosco? Entre [&hellip;]\" \/>\r\n<meta property=\"og:url\" content=\"https:\/\/oinsurance.com.br\/blog\/contato\/\" \/>\r\n<meta property=\"og:site_name\" content=\"\u00d4 Insurance\" \/>\r\n<meta property=\"article:publisher\" content=\"https:\/\/www.facebook.com\/oinsurancegroup\/\" \/>\r\n<meta property=\"article:modified_time\" content=\"2025-11-18T21:58:12+00:00\" \/>\r\n<meta name=\"twitter:card\" content=\"summary_large_image\" \/>\r\n<meta name=\"twitter:label1\" content=\"Est. tempo de leitura\" \/>\n\t<meta name=\"twitter:data1\" content=\"1 minuto\" \/>\r\n<script type=\"application\/ld+json\" class=\"yoast-schema-graph\">{\"@context\":\"https:\/\/schema.org\",\"@graph\":[{\"@type\":\"WebPage\",\"@id\":\"https:\/\/oinsurance.com.br\/blog\/contato\/\",\"url\":\"https:\/\/oinsurance.com.br\/blog\/contato\/\",\"name\":\"Contato - \u00d4 Insurance\",\"isPartOf\":{\"@id\":\"https:\/\/blog.oinsurance.com.br\/#website\"},\"datePublished\":\"2020-01-28T18:48:16+00:00\",\"dateModified\":\"2025-11-18T21:58:12+00:00\",\"breadcrumb\":{\"@id\":\"https:\/\/oinsurance.com.br\/blog\/contato\/#breadcrumb\"},\"inLanguage\":\"pt-BR\",\"potentialAction\":[{\"@type\":\"ReadAction\",\"target\":[\"https:\/\/oinsurance.com.br\/blog\/contato\/\"]}]},{\"@type\":\"BreadcrumbList\",\"@id\":\"https:\/\/oinsurance.com.br\/blog\/contato\/#breadcrumb\",\"itemListElement\":[{\"@type\":\"ListItem\",\"position\":1,\"name\":\"In\u00edcio\",\"item\":\"https:\/\/blog.oinsurance.com.br\/\"},{\"@type\":\"ListItem\",\"position\":2,\"name\":\"Contato\"}]},{\"@type\":\"WebSite\",\"@id\":\"https:\/\/blog.oinsurance.com.br\/#website\",\"url\":\"https:\/\/blog.oinsurance.com.br\/\",\"name\":\"\u00d4 Insurance\",\"description\":\"Seguros Pessoais e Empresariais\",\"publisher\":{\"@id\":\"https:\/\/blog.oinsurance.com.br\/#organization\"},\"potentialAction\":[{\"@type\":\"SearchAction\",\"target\":{\"@type\":\"EntryPoint\",\"urlTemplate\":\"https:\/\/blog.oinsurance.com.br\/?s={search_term_string}\"},\"query-input\":\"required name=search_term_string\"}],\"inLanguage\":\"pt-BR\"},{\"@type\":\"Organization\",\"@id\":\"https:\/\/blog.oinsurance.com.br\/#organization\",\"name\":\"\u00d4 Insurance\",\"url\":\"https:\/\/blog.oinsurance.com.br\/\",\"logo\":{\"@type\":\"ImageObject\",\"inLanguage\":\"pt-BR\",\"@id\":\"https:\/\/blog.oinsurance.com.br\/#\/schema\/logo\/image\/\",\"url\":\"https:\/\/i1.wp.com\/oinsurance.com.br\/wp-content\/uploads\/2019\/07\/slice1.png?fit=409%2C179&ssl=1\",\"contentUrl\":\"https:\/\/i1.wp.com\/oinsurance.com.br\/wp-content\/uploads\/2019\/07\/slice1.png?fit=409%2C179&ssl=1\",\"width\":409,\"height\":179,\"caption\":\"\u00d4 Insurance\"},\"image\":{\"@id\":\"https:\/\/blog.oinsurance.com.br\/#\/schema\/logo\/image\/\"},\"sameAs\":[\"https:\/\/www.facebook.com\/oinsurancegroup\/\",\"https:\/\/www.instagram.com\/oinsurance\/\",\"https:\/\/www.linkedin.com\/company\/oinsurance\/\"]}]}<\/script>\r\n<!-- \/ Yoast SEO plugin. -->","yoast_head_json":{"title":"Contato - \u00d4 Insurance","robots":{"index":"index","follow":"follow","max-snippet":"max-snippet:-1","max-image-preview":"max-image-preview:large","max-video-preview":"max-video-preview:-1"},"canonical":"https:\/\/oinsurance.com.br\/blog\/contato\/","og_locale":"pt_BR","og_type":"article","og_title":"Contato - \u00d4 Insurance","og_description":"Conecte-se conosco! Juntos podemos criar estrat\u00e9gias e solu\u00e7\u00f5es inovadoras em seguros e servi\u00e7os com foco nas suas necessidades e expectativas para atuar em seus clientes. Deixe sua mensagem Onde ficamos Av. Marcos Penteado de Ulhoa Rodrigues, 939 &#8211; 8\u00b0\u00a0andar Torre Jacarand\u00e1\u00a0&#8211; Barueri &#8211; SP,\u00a006460-040 E-mail oinsurance@oinsurance.com.br \u00a0 \u00a0 Canal de Ouvidoria Precisa falar conosco? Entre [&hellip;]","og_url":"https:\/\/oinsurance.com.br\/blog\/contato\/","og_site_name":"\u00d4 Insurance","article_publisher":"https:\/\/www.facebook.com\/oinsurancegroup\/","article_modified_time":"2025-11-18T21:58:12+00:00","twitter_card":"summary_large_image","twitter_misc":{"Est. tempo de leitura":"1 minuto"},"schema":{"@context":"https:\/\/schema.org","@graph":[{"@type":"WebPage","@id":"https:\/\/oinsurance.com.br\/blog\/contato\/","url":"https:\/\/oinsurance.com.br\/blog\/contato\/","name":"Contato - \u00d4 Insurance","isPartOf":{"@id":"https:\/\/blog.oinsurance.com.br\/#website"},"datePublished":"2020-01-28T18:48:16+00:00","dateModified":"2025-11-18T21:58:12+00:00","breadcrumb":{"@id":"https:\/\/oinsurance.com.br\/blog\/contato\/#breadcrumb"},"inLanguage":"pt-BR","potentialAction":[{"@type":"ReadAction","target":["https:\/\/oinsurance.com.br\/blog\/contato\/"]}]},{"@type":"BreadcrumbList","@id":"https:\/\/oinsurance.com.br\/blog\/contato\/#breadcrumb","itemListElement":[{"@type":"ListItem","position":1,"name":"In\u00edcio","item":"https:\/\/blog.oinsurance.com.br\/"},{"@type":"ListItem","position":2,"name":"Contato"}]},{"@type":"WebSite","@id":"https:\/\/blog.oinsurance.com.br\/#website","url":"https:\/\/blog.oinsurance.com.br\/","name":"\u00d4 Insurance","description":"Seguros Pessoais e Empresariais","publisher":{"@id":"https:\/\/blog.oinsurance.com.br\/#organization"},"potentialAction":[{"@type":"SearchAction","target":{"@type":"EntryPoint","urlTemplate":"https:\/\/blog.oinsurance.com.br\/?s={search_term_string}"},"query-input":"required name=search_term_string"}],"inLanguage":"pt-BR"},{"@type":"Organization","@id":"https:\/\/blog.oinsurance.com.br\/#organization","name":"\u00d4 Insurance","url":"https:\/\/blog.oinsurance.com.br\/","logo":{"@type":"ImageObject","inLanguage":"pt-BR","@id":"https:\/\/blog.oinsurance.com.br\/#\/schema\/logo\/image\/","url":"https:\/\/i1.wp.com\/oinsurance.com.br\/wp-content\/uploads\/2019\/07\/slice1.png?fit=409%2C179&ssl=1","contentUrl":"https:\/\/i1.wp.com\/oinsurance.com.br\/wp-content\/uploads\/2019\/07\/slice1.png?fit=409%2C179&ssl=1","width":409,"height":179,"caption":"\u00d4 Insurance"},"image":{"@id":"https:\/\/blog.oinsurance.com.br\/#\/schema\/logo\/image\/"},"sameAs":["https:\/\/www.facebook.com\/oinsurancegroup\/","https:\/\/www.instagram.com\/oinsurance\/","https:\/\/www.linkedin.com\/company\/oinsurance\/"]}]}},"_links":{"self":[{"href":"https:\/\/oinsurance.com.br\/blog\/wp-json\/wp\/v2\/pages\/1267"}],"collection":[{"href":"https:\/\/oinsurance.com.br\/blog\/wp-json\/wp\/v2\/pages"}],"about":[{"href":"https:\/\/oinsurance.com.br\/blog\/wp-json\/wp\/v2\/types\/page"}],"author":[{"embeddable":true,"href":"https:\/\/oinsurance.com.br\/blog\/wp-json\/wp\/v2\/users\/4"}],"replies":[{"embeddable":true,"href":"https:\/\/oinsurance.com.br\/blog\/wp-json\/wp\/v2\/comments?post=1267"}],"version-history":[{"count":32,"href":"https:\/\/oinsurance.com.br\/blog\/wp-json\/wp\/v2\/pages\/1267\/revisions"}],"predecessor-version":[{"id":9624,"href":"https:\/\/oinsurance.com.br\/blog\/wp-json\/wp\/v2\/pages\/1267\/revisions\/9624"}],"wp:attachment":[{"href":"https:\/\/oinsurance.com.br\/blog\/wp-json\/wp\/v2\/media?parent=1267"}],"wp:term":[{"taxonomy":"category","embeddable":true,"href":"https:\/\/oinsurance.com.br\/blog\/wp-json\/wp\/v2\/categories?post=1267"},{"taxonomy":"post_tag","embeddable":true,"href":"https:\/\/oinsurance.com.br\/blog\/wp-json\/wp\/v2\/tags?post=1267"}],"curies":[{"name":"wp","href":"https:\/\/api.w.org\/{rel}","templated":true}]}}